{"id":166,"date":"2020-08-19T10:22:05","date_gmt":"2020-08-19T10:22:05","guid":{"rendered":"https:\/\/demo.casethemes.net\/bixol\/?page_id=166"},"modified":"2025-11-04T12:46:25","modified_gmt":"2025-11-04T12:46:25","slug":"contacte","status":"publish","type":"page","link":"https:\/\/brutalcleaning.md\/ru\/contacte\/","title":{"rendered":"\u041a\u043e\u043d\u0442\u0430\u043a\u0442\u044b"},"content":{"rendered":"<div data-elementor-type=\"wp-page\" data-elementor-id=\"166\" class=\"elementor elementor-166\" data-elementor-post-type=\"page\">\n\t\t\t\t        <section class=\"elementor-section elementor-top-section elementor-element elementor-element-6875ece elementor-section-stretched elementor-section-boxed elementor-section-height-default elementor-section-height-default ct-header-fixed-none\" data-id=\"6875ece\" data-element_type=\"section\" data-settings=\"{&quot;stretch_section&quot;:&quot;section-stretched&quot;,&quot;background_background&quot;:&quot;classic&quot;}\">\n            \n                        <div class=\"elementor-container elementor-column-gap-extended\">\n                    <div class=\"elementor-column elementor-col-50 elementor-top-column elementor-element elementor-element-42daa29\" data-id=\"42daa29\" data-element_type=\"column\">\n        <div class=\"elementor-widget-wrap elementor-element-populated\">\n                    \n        \t\t<div class=\"elementor-element elementor-element-d5f0449 elementor-widget elementor-widget-ct_heading\" data-id=\"d5f0449\" data-element_type=\"widget\" data-widget_type=\"ct_heading.default\">\n\t\t\t\t<div class=\"elementor-widget-container\">\n\t\t\t<div id=\"ct_heading-d5f0449\" class=\"ct-heading h-align- ct-heading-left item-st-default\">\r\n\t<div class=\"ct-heading--inner\">\r\n        <div class=\"ct-inline-css\"  data-css=\"            \">\r\n        <\/div>\r\n                <h3 class=\"item--title  st-default\" data-wow-delay=\"ms\">\r\n            <span class=\"ct-text-inner\">\u0421\u0432\u044f\u0436\u0438\u0442\u0435\u0441\u044c \u0441 <small>\u043d\u0430\u0448\u0435\u0439 \u043a\u043e\u043c\u0430\u043d\u0434\u043e\u0439<\/small><\/span>        <\/h3>\r\n    <\/div>\r\n<\/div>\t\t<\/div>\n\t\t\t\t<\/div>\n\t\t\t\t<div class=\"elementor-element elementor-element-2f2d6e16 elementor-widget elementor-widget-ct_fancy_box\" data-id=\"2f2d6e16\" data-element_type=\"widget\" data-widget_type=\"ct_fancy_box.default\">\n\t\t\t\t<div class=\"elementor-widget-container\">\n\t\t\t<div id=\"ct_fancy_box-2f2d6e16\" class=\"ct-fancy-box ct-fancy-box-layout1 style1 wow fadeInUp\" data-wow-delay=\"50ms\">\r\n    <div class=\"ct-inline-css\"  data-css=\"                        \">\r\n    <\/div>\r\n\r\n            <div class=\"item--icon\">\r\n            <i aria-hidden=\"true\" class=\"flaticon flaticon-phone\"><\/i>        <\/div>\r\n            <div class=\"item--holder\">\r\n        <h3 class=\"item--title fs-title-sm\">\r\n            \u041d\u043e\u043c\u0435\u0440 \u0442\u0435\u043b\u0435\u0444\u043e\u043d\u0430        <\/h3>\r\n        <div class=\"item--description fs-desc-md\">062 000 885<\/div>\r\n    <\/div>\r\n\r\n            <a class=\"item--link\" href=\"tel:062000885\"><\/a>\r\n    <\/div>\t\t<\/div>\n\t\t\t\t<\/div>\n\t\t\t\t<div class=\"elementor-element elementor-element-368159ac elementor-widget elementor-widget-ct_fancy_box\" data-id=\"368159ac\" data-element_type=\"widget\" data-widget_type=\"ct_fancy_box.default\">\n\t\t\t\t<div class=\"elementor-widget-container\">\n\t\t\t<div id=\"ct_fancy_box-368159ac\" class=\"ct-fancy-box ct-fancy-box-layout1 style1 wow fadeInUp\" data-wow-delay=\"100ms\">\r\n    <div class=\"ct-inline-css\"  data-css=\"                        \">\r\n    <\/div>\r\n\r\n            <div class=\"item--icon\">\r\n            <i aria-hidden=\"true\" class=\"flaticon flaticon-mail\"><\/i>        <\/div>\r\n            <div class=\"item--holder\">\r\n        <h3 class=\"item--title fs-title-sm\">\r\n            \u0410\u0434\u0440\u0435\u0441 e-mail        <\/h3>\r\n        <div class=\"item--description fs-desc-md\">mailto:brutalcleaning@gmail.com<\/div>\r\n    <\/div>\r\n\r\n            <a class=\"item--link\" href=\"mailto:brutalcleaning@gmail.com\" target=\"_blank\"><\/a>\r\n    <\/div>\t\t<\/div>\n\t\t\t\t<\/div>\n\t\t            <\/div>\n        <\/div>\n                <div class=\"elementor-column elementor-col-50 elementor-top-column elementor-element elementor-element-694add6\" data-id=\"694add6\" data-element_type=\"column\">\n        <div class=\"elementor-widget-wrap elementor-element-populated\">\n                    \n        \t\t<div class=\"elementor-element elementor-element-3b6dd50a elementor-widget elementor-widget-ct_contact_form\" data-id=\"3b6dd50a\" data-element_type=\"widget\" data-widget_type=\"ct_contact_form.default\">\n\t\t\t\t<div class=\"elementor-widget-container\">\n\t\t\t    <div class=\"ct-contact-form ct-contact-form-layout1 style5\" data-wow-delay=\"ms\">\r\n    \t        <div class=\"ct-contact-form\">\r\n            \n<div class=\"wpcf7 no-js\" id=\"wpcf7-f904-o1\" lang=\"en-US\" dir=\"ltr\" data-wpcf7-id=\"904\">\n<div class=\"screen-reader-response\"><p role=\"status\" aria-live=\"polite\" aria-atomic=\"true\"><\/p> <ul><\/ul><\/div>\n<form action=\"\/ru\/wp-json\/wp\/v2\/pages\/166#wpcf7-f904-o1\" method=\"post\" class=\"wpcf7-form init\" aria-label=\"Contact form\" novalidate=\"novalidate\" data-status=\"init\" data-trp-original-action=\"\/ru\/wp-json\/wp\/v2\/pages\/166#wpcf7-f904-o1\">\n<div style=\"display: none;\">\n<input type=\"hidden\" name=\"_wpcf7\" value=\"904\" \/>\n<input type=\"hidden\" name=\"_wpcf7_version\" value=\"6.0\" \/>\n<input type=\"hidden\" name=\"_wpcf7_locale\" value=\"en_US\" \/>\n<input type=\"hidden\" name=\"_wpcf7_unit_tag\" value=\"wpcf7-f904-o1\" \/>\n<input type=\"hidden\" name=\"_wpcf7_container_post\" value=\"0\" \/>\n<input type=\"hidden\" name=\"_wpcf7_posted_data_hash\" value=\"\" \/>\n<input type=\"hidden\" name=\"_wpcf7_recaptcha_response\" value=\"\" \/>\n<\/div>\n<div class=\"input-filled\">\n\t<p><span class=\"wpcf7-form-control-wrap\" data-name=\"your-name\"><input size=\"40\" maxlength=\"400\" class=\"wpcf7-form-control wpcf7-text wpcf7-validates-as-required\" aria-required=\"true\" aria-invalid=\"false\" placeholder=\"\u0418\u043c\u044f*\" value=\"\" type=\"text\" name=\"your-name\" \/><\/span>\n\t<\/p>\n<\/div>\n<div class=\"input-filled\">\n\t<p><span class=\"wpcf7-form-control-wrap\" data-name=\"your-phone\"><input size=\"40\" maxlength=\"400\" class=\"wpcf7-form-control wpcf7-text wpcf7-validates-as-required\" aria-required=\"true\" aria-invalid=\"false\" placeholder=\"\u0422\u0435\u043b\u0435\u0444\u043e\u043d*\" value=\"\" type=\"text\" name=\"your-phone\" \/><\/span>\n\t<\/p>\n<\/div>\n<div class=\"input-filled\">\n\t<p><button type=\"submit\" class=\"wpcf7-submit btn btn-plus btn-plus-round icon-right\">\u041e\u0442\u043f\u0440\u0430\u0432\u0438\u0442\u044c<i class=\"zmdi zmdi-mail-send icon-abs\"><\/i><\/button>\n\t<\/p>\n<\/div><div class=\"wpcf7-response-output\" aria-hidden=\"true\"><\/div>\n<input type=\"hidden\" name=\"trp-form-language\" value=\"ru\"\/><\/form>\n<\/div>\n        <\/div>\r\n    <\/div>\r\n\t\t<\/div>\n\t\t\t\t<\/div>\n\t\t            <\/div>\n        <\/div>\n                    <\/div>\n        <\/section>\n                <section class=\"elementor-section elementor-top-section elementor-element elementor-element-0ab479c elementor-section-full_width elementor-section-stretched elementor-section-height-default elementor-section-height-default ct-header-fixed-none\" data-id=\"0ab479c\" data-element_type=\"section\" data-settings=\"{&quot;stretch_section&quot;:&quot;section-stretched&quot;}\">\n            \n                        <div class=\"elementor-container elementor-column-gap-no\">\n                    <div class=\"elementor-column elementor-col-100 elementor-top-column elementor-element elementor-element-81214c8\" data-id=\"81214c8\" data-element_type=\"column\">\n        <div class=\"elementor-widget-wrap elementor-element-populated\">\n                    \n        \t\t<div class=\"elementor-element elementor-element-904b9d6 elementor-widget elementor-widget-google_maps\" data-id=\"904b9d6\" data-element_type=\"widget\" data-widget_type=\"google_maps.default\">\n\t\t\t\t<div class=\"elementor-widget-container\">\n\t\t\t\t\t<div class=\"elementor-custom-embed\">\n\t\t\t<iframe loading=\"lazy\"\n\t\t\t\t\tsrc=\"https:\/\/maps.google.com\/maps?q=Chi%C8%99in%C4%83u&#038;t=m&#038;z=10&#038;output=embed&#038;iwloc=near\"\n\t\t\t\t\ttitle=\"Chi\u0219in\u0103u\"\n\t\t\t\t\taria-label=\"Chi\u0219in\u0103u\"\n\t\t\t><\/iframe>\n\t\t<\/div>\n\t\t\t\t<\/div>\n\t\t\t\t<\/div>\n\t\t            <\/div>\n        <\/div>\n                    <\/div>\n        <\/section>\n        \t\t<\/div>","protected":false},"excerpt":{"rendered":"<p>Conecteaz\u0103-te cu echipa noastr\u0103 Num\u0103r de telefon 062 000 885 Adres\u0103 e-mail brutalcleaning@gmail.com Trimite<\/p>","protected":false},"author":1,"featured_media":0,"parent":0,"menu_order":0,"comment_status":"closed","ping_status":"closed","template":"","meta":{"_acf_changed":false,"footnotes":""},"class_list":["post-166","page","type-page","status-publish","hentry"],"acf":[],"yoast_head":"<!-- This site is optimized with the Yoast SEO Premium plugin v23.0 (Yoast SEO v23.0) - https:\/\/yoast.com\/wordpress\/plugins\/seo\/ -->\n<title>Contact - Firm\u0103 de cur\u0103\u021benie Brutal Cleaning<\/title>\n<meta name=\"description\" content=\"Contacte firm\u0103 de cur\u0103\u021benie Apeleaz\u0103 062 000 885 pentru cele mai bune pre\u021buri la servicii de cur\u0103\u021benie. Contact Brutal Cleaning\" \/>\n<meta name=\"robots\" content=\"index, follow, max-snippet:-1, max-image-preview:large, max-video-preview:-1\" \/>\n<link rel=\"canonical\" href=\"https:\/\/brutalcleaning.md\/ru\/contacte\/\" \/>\n<meta property=\"og:locale\" content=\"ru_RU\" \/>\n<meta property=\"og:type\" content=\"article\" \/>\n<meta property=\"og:title\" content=\"Contacte\" \/>\n<meta property=\"og:description\" content=\"Contacte firm\u0103 de cur\u0103\u021benie Apeleaz\u0103 062 000 885 pentru cele mai bune pre\u021buri la servicii de cur\u0103\u021benie. Contact Brutal Cleaning\" \/>\n<meta property=\"og:url\" content=\"https:\/\/brutalcleaning.md\/ru\/contacte\/\" \/>\n<meta property=\"og:site_name\" content=\"BrutalCleaning\" \/>\n<meta property=\"article:publisher\" content=\"https:\/\/www.facebook.com\/share\/18tWNbEhiq\/?mibextid=LQQJ4d\" \/>\n<meta property=\"article:modified_time\" content=\"2025-11-04T12:46:25+00:00\" \/>\n<meta property=\"og:image\" content=\"https:\/\/brutalcleaning.md\/wp-content\/uploads\/2020\/11\/bg-slider9.jpg\" \/>\n\t<meta property=\"og:image:width\" content=\"1920\" \/>\n\t<meta property=\"og:image:height\" content=\"784\" \/>\n\t<meta property=\"og:image:type\" content=\"image\/jpeg\" \/>\n<meta name=\"twitter:card\" content=\"summary_large_image\" \/>\n<meta name=\"twitter:label1\" content=\"\u041f\u0440\u0438\u043c\u0435\u0440\u043d\u043e\u0435 \u0432\u0440\u0435\u043c\u044f \u0434\u043b\u044f \u0447\u0442\u0435\u043d\u0438\u044f\" \/>\n\t<meta name=\"twitter:data1\" content=\"1 \u043c\u0438\u043d\u0443\u0442\u0430\" \/>\n<script type=\"application\/ld+json\" class=\"yoast-schema-graph\">{\"@context\":\"https:\/\/schema.org\",\"@graph\":[{\"@type\":\"WebPage\",\"@id\":\"https:\/\/brutalcleaning.md\/contacte\/\",\"url\":\"https:\/\/brutalcleaning.md\/contacte\/\",\"name\":\"Contact - Firm\u0103 de cur\u0103\u021benie Brutal Cleaning\",\"isPartOf\":{\"@id\":\"https:\/\/brutalcleaning.md\/#website\"},\"datePublished\":\"2020-08-19T10:22:05+00:00\",\"dateModified\":\"2025-11-04T12:46:25+00:00\",\"description\":\"Contacte firm\u0103 de cur\u0103\u021benie Apeleaz\u0103 062 000 885 pentru cele mai bune pre\u021buri la servicii de cur\u0103\u021benie. Contact Brutal Cleaning\",\"breadcrumb\":{\"@id\":\"https:\/\/brutalcleaning.md\/contacte\/#breadcrumb\"},\"inLanguage\":\"ru-RU\",\"potentialAction\":[{\"@type\":\"ReadAction\",\"target\":[\"https:\/\/brutalcleaning.md\/contacte\/\"]}]},{\"@type\":\"BreadcrumbList\",\"@id\":\"https:\/\/brutalcleaning.md\/contacte\/#breadcrumb\",\"itemListElement\":[{\"@type\":\"ListItem\",\"position\":1,\"name\":\"Home\",\"item\":\"https:\/\/brutalcleaning.md\/\"},{\"@type\":\"ListItem\",\"position\":2,\"name\":\"Contacte\"}]},{\"@type\":\"WebSite\",\"@id\":\"https:\/\/brutalcleaning.md\/#website\",\"url\":\"https:\/\/brutalcleaning.md\/\",\"name\":\"BrutalCleaning \u2013 Cur\u0103\u021benie Profesional\u0103 pentru Locuin\u021be \u00een Republica Moldova\",\"description\":\"Cur\u0103\u021benie f\u0103r\u0103 compromisuri!\",\"publisher\":{\"@id\":\"https:\/\/brutalcleaning.md\/#organization\"},\"potentialAction\":[{\"@type\":\"SearchAction\",\"target\":{\"@type\":\"EntryPoint\",\"urlTemplate\":\"https:\/\/brutalcleaning.md\/?s={search_term_string}\"},\"query-input\":\"required name=search_term_string\"}],\"inLanguage\":\"ru-RU\"},{\"@type\":\"Organization\",\"@id\":\"https:\/\/brutalcleaning.md\/#organization\",\"name\":\"BrutalCleaning \u2013 Cur\u0103\u021benie Profesional\u0103 pentru Locuin\u021be \u00een Republica Moldova\",\"url\":\"https:\/\/brutalcleaning.md\/\",\"logo\":{\"@type\":\"ImageObject\",\"inLanguage\":\"ru-RU\",\"@id\":\"https:\/\/brutalcleaning.md\/#\/schema\/logo\/image\/\",\"url\":\"https:\/\/brutalcleaning.md\/wp-content\/uploads\/2024\/12\/Untitled-design-12-e1733045563215.png\",\"contentUrl\":\"https:\/\/brutalcleaning.md\/wp-content\/uploads\/2024\/12\/Untitled-design-12-e1733045563215.png\",\"width\":1000,\"height\":390,\"caption\":\"BrutalCleaning \u2013 Cur\u0103\u021benie Profesional\u0103 pentru Locuin\u021be \u00een Republica Moldova\"},\"image\":{\"@id\":\"https:\/\/brutalcleaning.md\/#\/schema\/logo\/image\/\"},\"sameAs\":[\"https:\/\/www.facebook.com\/share\/18tWNbEhiq\/?mibextid=LQQJ4d\",\"https:\/\/www.instagram.com\/brutalcleaning.md\/\"],\"description\":\"**BrutalCleaning** este o companie de cur\u0103\u021benie din Republica Moldova, specializat\u0103 \u00een oferirea de solu\u021bii profesionale pentru case \u0219i apartamente. Ne dedic\u0103m s\u0103 aducem prospe\u021bime \u0219i ordine \u00een locuin\u021bele clien\u021bilor no\u0219tri prin servicii eficiente \u0219i de \u00eenalt\u0103 calitate. Echipa noastr\u0103 de exper\u021bi folose\u0219te produse \u0219i echipamente moderne pentru a asigura o cur\u0103\u021benie impecabil\u0103, respect\u00e2nd cele mai \u00eenalte standarde. Fie c\u0103 ai nevoie de o cur\u0103\u021benie general\u0103, \u00eentre\u021binere regulat\u0103 sau o solu\u021bie rapid\u0103, BrutalCleaning transform\u0103 fiecare spa\u021biu \u00eentr-un mediu pl\u0103cut \u0219i s\u0103n\u0103tos. Alege BrutalCleaning \u2013 c\u00e2nd cur\u0103\u021benia devine o prioritate!\"}]}<\/script>\n<!-- \/ Yoast SEO Premium plugin. -->","yoast_head_json":{"title":"Contact - Firm\u0103 de cur\u0103\u021benie Brutal Cleaning","description":"Contacte firm\u0103 de cur\u0103\u021benie Apeleaz\u0103 062 000 885 pentru cele mai bune pre\u021buri la servicii de cur\u0103\u021benie. Contact Brutal Cleaning","robots":{"index":"index","follow":"follow","max-snippet":"max-snippet:-1","max-image-preview":"max-image-preview:large","max-video-preview":"max-video-preview:-1"},"canonical":"https:\/\/brutalcleaning.md\/ru\/contacte\/","og_locale":"ru_RU","og_type":"article","og_title":"Contacte","og_description":"Contacte firm\u0103 de cur\u0103\u021benie Apeleaz\u0103 062 000 885 pentru cele mai bune pre\u021buri la servicii de cur\u0103\u021benie. Contact Brutal Cleaning","og_url":"https:\/\/brutalcleaning.md\/ru\/contacte\/","og_site_name":"BrutalCleaning","article_publisher":"https:\/\/www.facebook.com\/share\/18tWNbEhiq\/?mibextid=LQQJ4d","article_modified_time":"2025-11-04T12:46:25+00:00","og_image":[{"width":1920,"height":784,"url":"https:\/\/brutalcleaning.md\/wp-content\/uploads\/2020\/11\/bg-slider9.jpg","type":"image\/jpeg"}],"twitter_card":"summary_large_image","twitter_misc":{"\u041f\u0440\u0438\u043c\u0435\u0440\u043d\u043e\u0435 \u0432\u0440\u0435\u043c\u044f \u0434\u043b\u044f \u0447\u0442\u0435\u043d\u0438\u044f":"1 \u043c\u0438\u043d\u0443\u0442\u0430"},"schema":{"@context":"https:\/\/schema.org","@graph":[{"@type":"WebPage","@id":"https:\/\/brutalcleaning.md\/contacte\/","url":"https:\/\/brutalcleaning.md\/contacte\/","name":"Contact - Firm\u0103 de cur\u0103\u021benie Brutal Cleaning","isPartOf":{"@id":"https:\/\/brutalcleaning.md\/#website"},"datePublished":"2020-08-19T10:22:05+00:00","dateModified":"2025-11-04T12:46:25+00:00","description":"Contacte firm\u0103 de cur\u0103\u021benie Apeleaz\u0103 062 000 885 pentru cele mai bune pre\u021buri la servicii de cur\u0103\u021benie. Contact Brutal Cleaning","breadcrumb":{"@id":"https:\/\/brutalcleaning.md\/contacte\/#breadcrumb"},"inLanguage":"ru-RU","potentialAction":[{"@type":"ReadAction","target":["https:\/\/brutalcleaning.md\/contacte\/"]}]},{"@type":"BreadcrumbList","@id":"https:\/\/brutalcleaning.md\/contacte\/#breadcrumb","itemListElement":[{"@type":"ListItem","position":1,"name":"Home","item":"https:\/\/brutalcleaning.md\/"},{"@type":"ListItem","position":2,"name":"Contacte"}]},{"@type":"WebSite","@id":"https:\/\/brutalcleaning.md\/#website","url":"https:\/\/brutalcleaning.md\/","name":"BrutalCleaning \u2013 Cur\u0103\u021benie Profesional\u0103 pentru Locuin\u021be \u00een Republica Moldova","description":"Cur\u0103\u021benie f\u0103r\u0103 compromisuri!","publisher":{"@id":"https:\/\/brutalcleaning.md\/#organization"},"potentialAction":[{"@type":"SearchAction","target":{"@type":"EntryPoint","urlTemplate":"https:\/\/brutalcleaning.md\/?s={search_term_string}"},"query-input":"required name=search_term_string"}],"inLanguage":"ru-RU"},{"@type":"Organization","@id":"https:\/\/brutalcleaning.md\/#organization","name":"BrutalCleaning \u2013 Cur\u0103\u021benie Profesional\u0103 pentru Locuin\u021be \u00een Republica Moldova","url":"https:\/\/brutalcleaning.md\/","logo":{"@type":"ImageObject","inLanguage":"ru-RU","@id":"https:\/\/brutalcleaning.md\/#\/schema\/logo\/image\/","url":"https:\/\/brutalcleaning.md\/wp-content\/uploads\/2024\/12\/Untitled-design-12-e1733045563215.png","contentUrl":"https:\/\/brutalcleaning.md\/wp-content\/uploads\/2024\/12\/Untitled-design-12-e1733045563215.png","width":1000,"height":390,"caption":"BrutalCleaning \u2013 Cur\u0103\u021benie Profesional\u0103 pentru Locuin\u021be \u00een Republica Moldova"},"image":{"@id":"https:\/\/brutalcleaning.md\/#\/schema\/logo\/image\/"},"sameAs":["https:\/\/www.facebook.com\/share\/18tWNbEhiq\/?mibextid=LQQJ4d","https:\/\/www.instagram.com\/brutalcleaning.md\/"],"description":"**BrutalCleaning** este o companie de cur\u0103\u021benie din Republica Moldova, specializat\u0103 \u00een oferirea de solu\u021bii profesionale pentru case \u0219i apartamente. Ne dedic\u0103m s\u0103 aducem prospe\u021bime \u0219i ordine \u00een locuin\u021bele clien\u021bilor no\u0219tri prin servicii eficiente \u0219i de \u00eenalt\u0103 calitate. Echipa noastr\u0103 de exper\u021bi folose\u0219te produse \u0219i echipamente moderne pentru a asigura o cur\u0103\u021benie impecabil\u0103, respect\u00e2nd cele mai \u00eenalte standarde. Fie c\u0103 ai nevoie de o cur\u0103\u021benie general\u0103, \u00eentre\u021binere regulat\u0103 sau o solu\u021bie rapid\u0103, BrutalCleaning transform\u0103 fiecare spa\u021biu \u00eentr-un mediu pl\u0103cut \u0219i s\u0103n\u0103tos. Alege BrutalCleaning \u2013 c\u00e2nd cur\u0103\u021benia devine o prioritate!"}]}},"_links":{"self":[{"href":"https:\/\/brutalcleaning.md\/ru\/wp-json\/wp\/v2\/pages\/166","targetHints":{"allow":["GET"]}}],"collection":[{"href":"https:\/\/brutalcleaning.md\/ru\/wp-json\/wp\/v2\/pages"}],"about":[{"href":"https:\/\/brutalcleaning.md\/ru\/wp-json\/wp\/v2\/types\/page"}],"author":[{"embeddable":true,"href":"https:\/\/brutalcleaning.md\/ru\/wp-json\/wp\/v2\/users\/1"}],"replies":[{"embeddable":true,"href":"https:\/\/brutalcleaning.md\/ru\/wp-json\/wp\/v2\/comments?post=166"}],"version-history":[{"count":70,"href":"https:\/\/brutalcleaning.md\/ru\/wp-json\/wp\/v2\/pages\/166\/revisions"}],"predecessor-version":[{"id":8980,"href":"https:\/\/brutalcleaning.md\/ru\/wp-json\/wp\/v2\/pages\/166\/revisions\/8980"}],"wp:attachment":[{"href":"https:\/\/brutalcleaning.md\/ru\/wp-json\/wp\/v2\/media?parent=166"}],"curies":[{"name":"wp","href":"https:\/\/api.w.org\/{rel}","templated":true}]}}